{"id":42,"date":"2023-04-19T22:44:35","date_gmt":"2023-04-19T22:44:35","guid":{"rendered":"https:\/\/palaciodabrincadeira.info\/?page_id=42"},"modified":"2023-04-19T23:46:13","modified_gmt":"2023-04-19T23:46:13","slug":"bercario","status":"publish","type":"page","link":"https:\/\/palaciodabrincadeira.info\/?page_id=42","title":{"rendered":"Ber\u00e7\u00e1rio"},"content":{"rendered":"\n<h2 class=\"wp-block-heading\">Ber\u00e7\u00e1rio<\/h2>\n\n\n\n<div class=\"wp-block-group\"><div class=\"wp-block-group__inner-container is-layout-constrained wp-block-group-is-layout-constrained\">\n<p>O espa\u00e7o \u00e9 constitu\u00eddo por sala de ber\u00e7os, sala parque, zona de mudas de fralda e copa de leites. No ber\u00e7\u00e1rio aliamos a presta\u00e7\u00e3o de cuidados ao beb\u00e9 e o atendimento \u00e0 fam\u00edlia como estimula\u00e7\u00e3o precoce do desenvolvimento global.<\/p>\n\n\n\n<div class=\"wp-block-group\"><div class=\"wp-block-group__inner-container is-layout-constrained wp-block-group-is-layout-constrained\">\n<div class=\"wp-block-columns is-layout-flex wp-container-core-columns-is-layout-9d6595d7 wp-block-columns-is-layout-flex\">\n<div class=\"wp-block-column is-layout-flow wp-block-column-is-layout-flow\">\n<figure class=\"wp-block-image size-full\"><img loading=\"lazy\" decoding=\"async\" width=\"652\" height=\"345\" src=\"https:\/\/palaciodabrincadeira.info\/wp-content\/uploads\/2023\/04\/BercarioDorm-2.png\" alt=\"\" class=\"wp-image-97\" srcset=\"https:\/\/palaciodabrincadeira.info\/wp-content\/uploads\/2023\/04\/BercarioDorm-2.png 652w, https:\/\/palaciodabrincadeira.info\/wp-content\/uploads\/2023\/04\/BercarioDorm-2-300x159.png 300w\" sizes=\"auto, (max-width: 652px) 100vw, 652px\" \/><\/figure>\n<\/div>\n\n\n\n<div class=\"wp-block-column is-layout-flow wp-block-column-is-layout-flow\">\n<figure class=\"wp-block-image size-full\"><img loading=\"lazy\" decoding=\"async\" width=\"657\" height=\"343\" src=\"https:\/\/palaciodabrincadeira.info\/wp-content\/uploads\/2023\/04\/Bercario_Brincar-1.jpg\" alt=\"\" class=\"wp-image-98\" srcset=\"https:\/\/palaciodabrincadeira.info\/wp-content\/uploads\/2023\/04\/Bercario_Brincar-1.jpg 657w, https:\/\/palaciodabrincadeira.info\/wp-content\/uploads\/2023\/04\/Bercario_Brincar-1-300x157.jpg 300w\" sizes=\"auto, (max-width: 657px) 100vw, 657px\" \/><\/figure>\n<\/div>\n<\/div>\n<\/div><\/div>\n\n\n\n<div class=\"wp-block-columns is-layout-flex wp-container-core-columns-is-layout-9d6595d7 wp-block-columns-is-layout-flex\">\n<div class=\"wp-block-column is-layout-flow wp-block-column-is-layout-flow\">\n<h5 class=\"wp-block-heading\">Dormit\u00f3rio<\/h5>\n<\/div>\n\n\n\n<div class=\"wp-block-column is-layout-flow wp-block-column-is-layout-flow\">\n<h5 class=\"wp-block-heading\">Sala de brincar<\/h5>\n<\/div>\n<\/div>\n<\/div><\/div>\n","protected":false},"excerpt":{"rendered":"<p>Ber\u00e7\u00e1rio O espa\u00e7o \u00e9 constitu\u00eddo por sala de ber\u00e7os, sala parque, zona de mudas de fralda e copa de leites. No ber\u00e7\u00e1rio aliamos a presta\u00e7\u00e3o de cuidados ao beb\u00e9 e o atendimento \u00e0 fam\u00edlia como estimula\u00e7\u00e3o precoce do desenvolvimento global. Dormit\u00f3rio Sala de brincar<\/p>\n","protected":false},"author":1,"featured_media":0,"parent":0,"menu_order":0,"comment_status":"closed","ping_status":"closed","template":"","meta":{"footnotes":""},"class_list":["post-42","page","type-page","status-publish","hentry"],"_links":{"self":[{"href":"https:\/\/palaciodabrincadeira.info\/index.php?rest_route=\/wp\/v2\/pages\/42","targetHints":{"allow":["GET"]}}],"collection":[{"href":"https:\/\/palaciodabrincadeira.info\/index.php?rest_route=\/wp\/v2\/pages"}],"about":[{"href":"https:\/\/palaciodabrincadeira.info\/index.php?rest_route=\/wp\/v2\/types\/page"}],"author":[{"embeddable":true,"href":"https:\/\/palaciodabrincadeira.info\/index.php?rest_route=\/wp\/v2\/users\/1"}],"replies":[{"embeddable":true,"href":"https:\/\/palaciodabrincadeira.info\/index.php?rest_route=%2Fwp%2Fv2%2Fcomments&post=42"}],"version-history":[{"count":9,"href":"https:\/\/palaciodabrincadeira.info\/index.php?rest_route=\/wp\/v2\/pages\/42\/revisions"}],"predecessor-version":[{"id":100,"href":"https:\/\/palaciodabrincadeira.info\/index.php?rest_route=\/wp\/v2\/pages\/42\/revisions\/100"}],"wp:attachment":[{"href":"https:\/\/palaciodabrincadeira.info\/index.php?rest_route=%2Fwp%2Fv2%2Fmedia&parent=42"}],"curies":[{"name":"wp","href":"https:\/\/api.w.org\/{rel}","templated":true}]}}