{"id":73,"date":"2023-04-19T23:21:40","date_gmt":"2023-04-19T23:21:40","guid":{"rendered":"https:\/\/palaciodabrincadeira.info\/?page_id=73"},"modified":"2023-04-19T23:52:10","modified_gmt":"2023-04-19T23:52:10","slug":"sala-1-2-anos","status":"publish","type":"page","link":"https:\/\/palaciodabrincadeira.info\/?page_id=73","title":{"rendered":"SALA 1\/2 ANOS"},"content":{"rendered":"\n<h2 class=\"wp-block-heading\">SALA 1\/2 ANOS<\/h2>\n\n\n\n<p>Aqui a crian\u00e7a \u00e9 estimulada a desenvolver as suas compet\u00eancias sociais e humanas, num espa\u00e7o divertido e acolhedor, com conforto e seguran\u00e7a para que se sinta em fam\u00edlia.<\/p>\n\n\n\n<figure class=\"wp-block-image size-full\"><img loading=\"lazy\" decoding=\"async\" width=\"654\" height=\"344\" src=\"https:\/\/palaciodabrincadeira.info\/wp-content\/uploads\/2023\/04\/Sala_1-2_anos_a.jpg\" alt=\"\" class=\"wp-image-74\" srcset=\"https:\/\/palaciodabrincadeira.info\/wp-content\/uploads\/2023\/04\/Sala_1-2_anos_a.jpg 654w, https:\/\/palaciodabrincadeira.info\/wp-content\/uploads\/2023\/04\/Sala_1-2_anos_a-300x158.jpg 300w\" sizes=\"auto, (max-width: 654px) 100vw, 654px\" \/><\/figure>\n","protected":false},"excerpt":{"rendered":"<p>SALA 1\/2 ANOS Aqui a crian\u00e7a \u00e9 estimulada a desenvolver as suas compet\u00eancias sociais e humanas, num espa\u00e7o divertido e acolhedor, com conforto e seguran\u00e7a para que se sinta em fam\u00edlia.<\/p>\n","protected":false},"author":1,"featured_media":0,"parent":0,"menu_order":0,"comment_status":"closed","ping_status":"closed","template":"","meta":{"footnotes":""},"class_list":["post-73","page","type-page","status-publish","hentry"],"_links":{"self":[{"href":"https:\/\/palaciodabrincadeira.info\/index.php?rest_route=\/wp\/v2\/pages\/73","targetHints":{"allow":["GET"]}}],"collection":[{"href":"https:\/\/palaciodabrincadeira.info\/index.php?rest_route=\/wp\/v2\/pages"}],"about":[{"href":"https:\/\/palaciodabrincadeira.info\/index.php?rest_route=\/wp\/v2\/types\/page"}],"author":[{"embeddable":true,"href":"https:\/\/palaciodabrincadeira.info\/index.php?rest_route=\/wp\/v2\/users\/1"}],"replies":[{"embeddable":true,"href":"https:\/\/palaciodabrincadeira.info\/index.php?rest_route=%2Fwp%2Fv2%2Fcomments&post=73"}],"version-history":[{"count":2,"href":"https:\/\/palaciodabrincadeira.info\/index.php?rest_route=\/wp\/v2\/pages\/73\/revisions"}],"predecessor-version":[{"id":104,"href":"https:\/\/palaciodabrincadeira.info\/index.php?rest_route=\/wp\/v2\/pages\/73\/revisions\/104"}],"wp:attachment":[{"href":"https:\/\/palaciodabrincadeira.info\/index.php?rest_route=%2Fwp%2Fv2%2Fmedia&parent=73"}],"curies":[{"name":"wp","href":"https:\/\/api.w.org\/{rel}","templated":true}]}}