{"id":78,"date":"2023-04-19T23:29:02","date_gmt":"2023-04-19T23:29:02","guid":{"rendered":"https:\/\/palaciodabrincadeira.info\/?page_id=78"},"modified":"2023-04-19T23:52:48","modified_gmt":"2023-04-19T23:52:48","slug":"sala-2-3-anos","status":"publish","type":"page","link":"https:\/\/palaciodabrincadeira.info\/?page_id=78","title":{"rendered":"SALA 2\/3 ANOS"},"content":{"rendered":"\n<h2 class=\"wp-block-heading\">SALA 2\/3 ANOS<\/h2>\n\n\n\n<p>Apoiamos o desenvolvimento de compet\u00eancias que ser\u00e3o os verdadeiros alicerces da educa\u00e7\u00e3o pr\u00e9-escolar.<\/p>\n\n\n\n<div class=\"wp-block-columns is-layout-flex wp-container-core-columns-is-layout-9d6595d7 wp-block-columns-is-layout-flex\">\n<div class=\"wp-block-column is-layout-flow wp-block-column-is-layout-flow\">\n<figure class=\"wp-block-image size-full\"><img loading=\"lazy\" decoding=\"async\" width=\"655\" height=\"342\" src=\"https:\/\/palaciodabrincadeira.info\/wp-content\/uploads\/2023\/04\/Sala_2-3_anos_a.jpg\" alt=\"\" class=\"wp-image-79\" srcset=\"https:\/\/palaciodabrincadeira.info\/wp-content\/uploads\/2023\/04\/Sala_2-3_anos_a.jpg 655w, https:\/\/palaciodabrincadeira.info\/wp-content\/uploads\/2023\/04\/Sala_2-3_anos_a-300x157.jpg 300w\" sizes=\"auto, (max-width: 655px) 100vw, 655px\" \/><\/figure>\n<\/div>\n\n\n\n<div class=\"wp-block-column is-layout-flow wp-block-column-is-layout-flow\">\n<figure class=\"wp-block-image size-full is-resized\"><img loading=\"lazy\" decoding=\"async\" src=\"https:\/\/palaciodabrincadeira.info\/wp-content\/uploads\/2023\/04\/Sala_2-3_anos_b.jpg\" alt=\"\" class=\"wp-image-80\" width=\"402\" height=\"210\" srcset=\"https:\/\/palaciodabrincadeira.info\/wp-content\/uploads\/2023\/04\/Sala_2-3_anos_b.jpg 655w, https:\/\/palaciodabrincadeira.info\/wp-content\/uploads\/2023\/04\/Sala_2-3_anos_b-300x157.jpg 300w\" sizes=\"auto, (max-width: 402px) 100vw, 402px\" \/><\/figure>\n<\/div>\n<\/div>\n","protected":false},"excerpt":{"rendered":"<p>SALA 2\/3 ANOS Apoiamos o desenvolvimento de compet\u00eancias que ser\u00e3o os verdadeiros alicerces da educa\u00e7\u00e3o pr\u00e9-escolar.<\/p>\n","protected":false},"author":1,"featured_media":0,"parent":0,"menu_order":0,"comment_status":"closed","ping_status":"closed","template":"","meta":{"footnotes":""},"class_list":["post-78","page","type-page","status-publish","hentry"],"_links":{"self":[{"href":"https:\/\/palaciodabrincadeira.info\/index.php?rest_route=\/wp\/v2\/pages\/78","targetHints":{"allow":["GET"]}}],"collection":[{"href":"https:\/\/palaciodabrincadeira.info\/index.php?rest_route=\/wp\/v2\/pages"}],"about":[{"href":"https:\/\/palaciodabrincadeira.info\/index.php?rest_route=\/wp\/v2\/types\/page"}],"author":[{"embeddable":true,"href":"https:\/\/palaciodabrincadeira.info\/index.php?rest_route=\/wp\/v2\/users\/1"}],"replies":[{"embeddable":true,"href":"https:\/\/palaciodabrincadeira.info\/index.php?rest_route=%2Fwp%2Fv2%2Fcomments&post=78"}],"version-history":[{"count":5,"href":"https:\/\/palaciodabrincadeira.info\/index.php?rest_route=\/wp\/v2\/pages\/78\/revisions"}],"predecessor-version":[{"id":105,"href":"https:\/\/palaciodabrincadeira.info\/index.php?rest_route=\/wp\/v2\/pages\/78\/revisions\/105"}],"wp:attachment":[{"href":"https:\/\/palaciodabrincadeira.info\/index.php?rest_route=%2Fwp%2Fv2%2Fmedia&parent=78"}],"curies":[{"name":"wp","href":"https:\/\/api.w.org\/{rel}","templated":true}]}}