{"id":90,"date":"2023-04-19T23:36:32","date_gmt":"2023-04-19T23:36:32","guid":{"rendered":"https:\/\/palaciodabrincadeira.info\/?page_id=90"},"modified":"2023-04-19T23:51:14","modified_gmt":"2023-04-19T23:51:14","slug":"jardim-de-infancia","status":"publish","type":"page","link":"https:\/\/palaciodabrincadeira.info\/?page_id=90","title":{"rendered":"Jardim de inf\u00e2ncia"},"content":{"rendered":"\n<h2 class=\"wp-block-heading\">Jardim de inf\u00e2ncia<\/h2>\n\n\n\n<p>\u00c9 composto por uma sala de atividades para crian\u00e7as de 3, 4 e 5 anos.<\/p>\n\n\n\n<p>Num ambiente de aprendizagem socioeducativo, a crian\u00e7a participa ativamente na sua aprendizagem.<\/p>\n\n\n\n<div class=\"wp-block-columns is-layout-flex wp-container-core-columns-is-layout-9d6595d7 wp-block-columns-is-layout-flex\">\n<div class=\"wp-block-column is-layout-flow wp-block-column-is-layout-flow\">\n<figure class=\"wp-block-image size-full\"><img loading=\"lazy\" decoding=\"async\" width=\"655\" height=\"342\" src=\"https:\/\/palaciodabrincadeira.info\/wp-content\/uploads\/2023\/04\/jardim_infancia_a.jpg\" alt=\"\" class=\"wp-image-91\" srcset=\"https:\/\/palaciodabrincadeira.info\/wp-content\/uploads\/2023\/04\/jardim_infancia_a.jpg 655w, https:\/\/palaciodabrincadeira.info\/wp-content\/uploads\/2023\/04\/jardim_infancia_a-300x157.jpg 300w\" sizes=\"auto, (max-width: 655px) 100vw, 655px\" \/><\/figure>\n<\/div>\n\n\n\n<div class=\"wp-block-column is-layout-flow wp-block-column-is-layout-flow\">\n<figure class=\"wp-block-image size-full\"><img loading=\"lazy\" decoding=\"async\" width=\"655\" height=\"344\" src=\"https:\/\/palaciodabrincadeira.info\/wp-content\/uploads\/2023\/04\/jardim_infancia_b.jpg\" alt=\"\" class=\"wp-image-92\" srcset=\"https:\/\/palaciodabrincadeira.info\/wp-content\/uploads\/2023\/04\/jardim_infancia_b.jpg 655w, https:\/\/palaciodabrincadeira.info\/wp-content\/uploads\/2023\/04\/jardim_infancia_b-300x158.jpg 300w\" sizes=\"auto, (max-width: 655px) 100vw, 655px\" \/><\/figure>\n<\/div>\n<\/div>\n","protected":false},"excerpt":{"rendered":"<p>Jardim de inf\u00e2ncia \u00c9 composto por uma sala de atividades para crian\u00e7as de 3, 4 e 5 anos. Num ambiente de aprendizagem socioeducativo, a crian\u00e7a participa ativamente na sua aprendizagem.<\/p>\n","protected":false},"author":1,"featured_media":0,"parent":0,"menu_order":0,"comment_status":"closed","ping_status":"closed","template":"","meta":{"footnotes":""},"class_list":["post-90","page","type-page","status-publish","hentry"],"_links":{"self":[{"href":"https:\/\/palaciodabrincadeira.info\/index.php?rest_route=\/wp\/v2\/pages\/90","targetHints":{"allow":["GET"]}}],"collection":[{"href":"https:\/\/palaciodabrincadeira.info\/index.php?rest_route=\/wp\/v2\/pages"}],"about":[{"href":"https:\/\/palaciodabrincadeira.info\/index.php?rest_route=\/wp\/v2\/types\/page"}],"author":[{"embeddable":true,"href":"https:\/\/palaciodabrincadeira.info\/index.php?rest_route=\/wp\/v2\/users\/1"}],"replies":[{"embeddable":true,"href":"https:\/\/palaciodabrincadeira.info\/index.php?rest_route=%2Fwp%2Fv2%2Fcomments&post=90"}],"version-history":[{"count":3,"href":"https:\/\/palaciodabrincadeira.info\/index.php?rest_route=\/wp\/v2\/pages\/90\/revisions"}],"predecessor-version":[{"id":103,"href":"https:\/\/palaciodabrincadeira.info\/index.php?rest_route=\/wp\/v2\/pages\/90\/revisions\/103"}],"wp:attachment":[{"href":"https:\/\/palaciodabrincadeira.info\/index.php?rest_route=%2Fwp%2Fv2%2Fmedia&parent=90"}],"curies":[{"name":"wp","href":"https:\/\/api.w.org\/{rel}","templated":true}]}}